{"id":143,"date":"2020-02-12T09:41:48","date_gmt":"2020-02-12T12:41:48","guid":{"rendered":"https:\/\/agenciamseo.com.br\/agencia-de-marketing-digital\/?page_id=143"},"modified":"2024-04-01T17:13:13","modified_gmt":"2024-04-01T20:13:13","slug":"agencia-de-marketing-digital-na-mooca","status":"publish","type":"page","link":"https:\/\/agenciamseo.com.br\/agencia-de-marketing-digital\/agencia-de-marketing-digital-na-mooca\/","title":{"rendered":"Ag\u00eancia de Marketing Digital na Mooca"},"content":{"rendered":"","protected":false},"excerpt":{"rendered":"","protected":false},"author":1,"featured_media":0,"parent":0,"menu_order":0,"comment_status":"closed","ping_status":"closed","template":"","meta":{"_acf_changed":false,"footnotes":""},"class_list":["post-143","page","type-page","status-publish","hentry"],"acf":[],"yoast_head":"<!-- This site is optimized with the Yoast SEO plugin v26.9 - https:\/\/yoast.com\/product\/yoast-seo-wordpress\/ -->\n<title>Ag\u00eancia de Marketing Digital na Mooca - Ag\u00eancia Especializada em Marketing Digital<\/title>\n<meta name=\"description\" content=\"Voc\u00ea encontrou a Ag\u00eancia de Marketing Digital na Mooca para a sua empresa. Entre em contato e conhe\u00e7a os nossos especialistas para atender impulsionar os seus neg\u00f3cios no Google\" \/>\n<meta name=\"robots\" content=\"index, follow, max-snippet:-1, max-image-preview:large, max-video-preview:-1\" \/>\n<link rel=\"canonical\" href=\"https:\/\/agenciamseo.com.br\/agencia-de-marketing-digital\/agencia-de-marketing-digital-na-mooca\/\" \/>\n<meta property=\"og:locale\" content=\"pt_BR\" \/>\n<meta property=\"og:type\" content=\"article\" \/>\n<meta property=\"og:title\" content=\"Ag\u00eancia de Marketing Digital na Mooca - Ag\u00eancia Especializada em Marketing Digital\" \/>\n<meta property=\"og:description\" content=\"Voc\u00ea encontrou a Ag\u00eancia de Marketing Digital na Mooca para a sua empresa. Entre em contato e conhe\u00e7a os nossos especialistas para atender impulsionar os seus neg\u00f3cios no Google\" \/>\n<meta property=\"og:url\" content=\"https:\/\/agenciamseo.com.br\/agencia-de-marketing-digital\/agencia-de-marketing-digital-na-mooca\/\" \/>\n<meta property=\"og:site_name\" content=\"Ag\u00eancia Especializada em Marketing Digital\" \/>\n<meta property=\"article:modified_time\" content=\"2024-04-01T20:13:13+00:00\" \/>\n<meta name=\"twitter:card\" content=\"summary_large_image\" \/>\n<script type=\"application\/ld+json\" class=\"yoast-schema-graph\">{\"@context\":\"https:\/\/schema.org\",\"@graph\":[{\"@type\":\"WebPage\",\"@id\":\"https:\/\/agenciamseo.com.br\/agencia-de-marketing-digital\/agencia-de-marketing-digital-na-mooca\/\",\"url\":\"https:\/\/agenciamseo.com.br\/agencia-de-marketing-digital\/agencia-de-marketing-digital-na-mooca\/\",\"name\":\"Ag\u00eancia de Marketing Digital na Mooca - Ag\u00eancia Especializada em Marketing Digital\",\"isPartOf\":{\"@id\":\"https:\/\/agenciamseo.com.br\/agencia-de-marketing-digital\/#website\"},\"datePublished\":\"2020-02-12T12:41:48+00:00\",\"dateModified\":\"2024-04-01T20:13:13+00:00\",\"description\":\"Voc\u00ea encontrou a Ag\u00eancia de Marketing Digital na Mooca para a sua empresa. Entre em contato e conhe\u00e7a os nossos especialistas para atender impulsionar os seus neg\u00f3cios no Google\",\"breadcrumb\":{\"@id\":\"https:\/\/agenciamseo.com.br\/agencia-de-marketing-digital\/agencia-de-marketing-digital-na-mooca\/#breadcrumb\"},\"inLanguage\":\"pt-BR\",\"potentialAction\":[{\"@type\":\"ReadAction\",\"target\":[\"https:\/\/agenciamseo.com.br\/agencia-de-marketing-digital\/agencia-de-marketing-digital-na-mooca\/\"]}]},{\"@type\":\"BreadcrumbList\",\"@id\":\"https:\/\/agenciamseo.com.br\/agencia-de-marketing-digital\/agencia-de-marketing-digital-na-mooca\/#breadcrumb\",\"itemListElement\":[{\"@type\":\"ListItem\",\"position\":1,\"name\":\"In\u00edcio\",\"item\":\"https:\/\/agenciamseo.com.br\/agencia-de-marketing-digital\/\"},{\"@type\":\"ListItem\",\"position\":2,\"name\":\"Ag\u00eancia de Marketing Digital na Mooca\"}]},{\"@type\":\"WebSite\",\"@id\":\"https:\/\/agenciamseo.com.br\/agencia-de-marketing-digital\/#website\",\"url\":\"https:\/\/agenciamseo.com.br\/agencia-de-marketing-digital\/\",\"name\":\"Ag\u00eancia Especializada em Marketing Digital\",\"description\":\"\",\"potentialAction\":[{\"@type\":\"SearchAction\",\"target\":{\"@type\":\"EntryPoint\",\"urlTemplate\":\"https:\/\/agenciamseo.com.br\/agencia-de-marketing-digital\/?s={search_term_string}\"},\"query-input\":{\"@type\":\"PropertyValueSpecification\",\"valueRequired\":true,\"valueName\":\"search_term_string\"}}],\"inLanguage\":\"pt-BR\"}]}<\/script>\n<!-- \/ Yoast SEO plugin. -->","yoast_head_json":{"title":"Ag\u00eancia de Marketing Digital na Mooca - Ag\u00eancia Especializada em Marketing Digital","description":"Voc\u00ea encontrou a Ag\u00eancia de Marketing Digital na Mooca para a sua empresa. Entre em contato e conhe\u00e7a os nossos especialistas para atender impulsionar os seus neg\u00f3cios no Google","robots":{"index":"index","follow":"follow","max-snippet":"max-snippet:-1","max-image-preview":"max-image-preview:large","max-video-preview":"max-video-preview:-1"},"canonical":"https:\/\/agenciamseo.com.br\/agencia-de-marketing-digital\/agencia-de-marketing-digital-na-mooca\/","og_locale":"pt_BR","og_type":"article","og_title":"Ag\u00eancia de Marketing Digital na Mooca - Ag\u00eancia Especializada em Marketing Digital","og_description":"Voc\u00ea encontrou a Ag\u00eancia de Marketing Digital na Mooca para a sua empresa. Entre em contato e conhe\u00e7a os nossos especialistas para atender impulsionar os seus neg\u00f3cios no Google","og_url":"https:\/\/agenciamseo.com.br\/agencia-de-marketing-digital\/agencia-de-marketing-digital-na-mooca\/","og_site_name":"Ag\u00eancia Especializada em Marketing Digital","article_modified_time":"2024-04-01T20:13:13+00:00","twitter_card":"summary_large_image","schema":{"@context":"https:\/\/schema.org","@graph":[{"@type":"WebPage","@id":"https:\/\/agenciamseo.com.br\/agencia-de-marketing-digital\/agencia-de-marketing-digital-na-mooca\/","url":"https:\/\/agenciamseo.com.br\/agencia-de-marketing-digital\/agencia-de-marketing-digital-na-mooca\/","name":"Ag\u00eancia de Marketing Digital na Mooca - Ag\u00eancia Especializada em Marketing Digital","isPartOf":{"@id":"https:\/\/agenciamseo.com.br\/agencia-de-marketing-digital\/#website"},"datePublished":"2020-02-12T12:41:48+00:00","dateModified":"2024-04-01T20:13:13+00:00","description":"Voc\u00ea encontrou a Ag\u00eancia de Marketing Digital na Mooca para a sua empresa. Entre em contato e conhe\u00e7a os nossos especialistas para atender impulsionar os seus neg\u00f3cios no Google","breadcrumb":{"@id":"https:\/\/agenciamseo.com.br\/agencia-de-marketing-digital\/agencia-de-marketing-digital-na-mooca\/#breadcrumb"},"inLanguage":"pt-BR","potentialAction":[{"@type":"ReadAction","target":["https:\/\/agenciamseo.com.br\/agencia-de-marketing-digital\/agencia-de-marketing-digital-na-mooca\/"]}]},{"@type":"BreadcrumbList","@id":"https:\/\/agenciamseo.com.br\/agencia-de-marketing-digital\/agencia-de-marketing-digital-na-mooca\/#breadcrumb","itemListElement":[{"@type":"ListItem","position":1,"name":"In\u00edcio","item":"https:\/\/agenciamseo.com.br\/agencia-de-marketing-digital\/"},{"@type":"ListItem","position":2,"name":"Ag\u00eancia de Marketing Digital na Mooca"}]},{"@type":"WebSite","@id":"https:\/\/agenciamseo.com.br\/agencia-de-marketing-digital\/#website","url":"https:\/\/agenciamseo.com.br\/agencia-de-marketing-digital\/","name":"Ag\u00eancia Especializada em Marketing Digital","description":"","potentialAction":[{"@type":"SearchAction","target":{"@type":"EntryPoint","urlTemplate":"https:\/\/agenciamseo.com.br\/agencia-de-marketing-digital\/?s={search_term_string}"},"query-input":{"@type":"PropertyValueSpecification","valueRequired":true,"valueName":"search_term_string"}}],"inLanguage":"pt-BR"}]}},"_links":{"self":[{"href":"https:\/\/agenciamseo.com.br\/agencia-de-marketing-digital\/wp-json\/wp\/v2\/pages\/143","targetHints":{"allow":["GET"]}}],"collection":[{"href":"https:\/\/agenciamseo.com.br\/agencia-de-marketing-digital\/wp-json\/wp\/v2\/pages"}],"about":[{"href":"https:\/\/agenciamseo.com.br\/agencia-de-marketing-digital\/wp-json\/wp\/v2\/types\/page"}],"author":[{"embeddable":true,"href":"https:\/\/agenciamseo.com.br\/agencia-de-marketing-digital\/wp-json\/wp\/v2\/users\/1"}],"replies":[{"embeddable":true,"href":"https:\/\/agenciamseo.com.br\/agencia-de-marketing-digital\/wp-json\/wp\/v2\/comments?post=143"}],"version-history":[{"count":2,"href":"https:\/\/agenciamseo.com.br\/agencia-de-marketing-digital\/wp-json\/wp\/v2\/pages\/143\/revisions"}],"predecessor-version":[{"id":312,"href":"https:\/\/agenciamseo.com.br\/agencia-de-marketing-digital\/wp-json\/wp\/v2\/pages\/143\/revisions\/312"}],"wp:attachment":[{"href":"https:\/\/agenciamseo.com.br\/agencia-de-marketing-digital\/wp-json\/wp\/v2\/media?parent=143"}],"curies":[{"name":"wp","href":"https:\/\/api.w.org\/{rel}","templated":true}]}}